{"id":29,"date":"2023-02-07T14:55:47","date_gmt":"2023-02-07T13:55:47","guid":{"rendered":"https:\/\/lisiewiczart.com\/?page_id=29"},"modified":"2023-02-08T15:39:27","modified_gmt":"2023-02-08T14:39:27","slug":"bio","status":"publish","type":"page","link":"https:\/\/lisiewiczart.com\/en\/bio\/","title":{"rendered":"Bio"},"content":{"rendered":"<div data-elementor-type=\"wp-page\" data-elementor-id=\"29\" class=\"elementor elementor-29\">\n\t\t\t\t\t\t\t<div class=\"elementor-element elementor-element-dcd9488 e-con-boxed e-con\" data-id=\"dcd9488\" data-element_type=\"container\" data-settings=\"{&quot;content_width&quot;:&quot;boxed&quot;}\">\n\t\t\t\t\t<div class=\"e-con-inner\">\n\t\t<div class=\"elementor-element elementor-element-76e124e e-con-full e-con\" data-id=\"76e124e\" data-element_type=\"container\" data-settings=\"{&quot;content_width&quot;:&quot;full&quot;}\">\n\t\t\t\t<div class=\"elementor-element elementor-element-5487d15 elementor-widget__width-initial elementor-widget elementor-widget-image\" data-id=\"5487d15\" data-element_type=\"widget\" data-widget_type=\"image.default\">\n\t\t\t\t<div class=\"elementor-widget-container\">\n\t\t\t<style>\/*! elementor - v3.10.2 - 29-01-2023 *\/\n.elementor-widget-image{text-align:center}.elementor-widget-image a{display:inline-block}.elementor-widget-image a img[src$=\".svg\"]{width:48px}.elementor-widget-image img{vertical-align:middle;display:inline-block}<\/style>\t\t\t\t\t\t\t\t\t\t\t\t<img loading=\"lazy\" decoding=\"async\" width=\"1752\" height=\"2560\" src=\"https:\/\/lisiewiczart.com\/wp-content\/uploads\/2023\/02\/mateusz-lisiewicz-scaled.jpg\" class=\"attachment-full size-full wp-image-89\" alt=\"\" srcset=\"https:\/\/lisiewiczart.com\/wp-content\/uploads\/2023\/02\/mateusz-lisiewicz-scaled.jpg 1752w, https:\/\/lisiewiczart.com\/wp-content\/uploads\/2023\/02\/mateusz-lisiewicz-205x300.jpg 205w, https:\/\/lisiewiczart.com\/wp-content\/uploads\/2023\/02\/mateusz-lisiewicz-701x1024.jpg 701w, https:\/\/lisiewiczart.com\/wp-content\/uploads\/2023\/02\/mateusz-lisiewicz-768x1122.jpg 768w, https:\/\/lisiewiczart.com\/wp-content\/uploads\/2023\/02\/mateusz-lisiewicz-1051x1536.jpg 1051w, https:\/\/lisiewiczart.com\/wp-content\/uploads\/2023\/02\/mateusz-lisiewicz-1402x2048.jpg 1402w, https:\/\/lisiewiczart.com\/wp-content\/uploads\/2023\/02\/mateusz-lisiewicz-8x12.jpg 8w\" sizes=\"auto, (max-width: 1752px) 100vw, 1752px\" \/>\t\t\t\t\t\t\t\t\t\t\t\t\t\t\t<\/div>\n\t\t\t\t<\/div>\n\t\t\t\t<\/div>\n\t\t<div class=\"elementor-element elementor-element-1be8884 e-con-boxed e-con\" data-id=\"1be8884\" data-element_type=\"container\" data-settings=\"{&quot;content_width&quot;:&quot;boxed&quot;}\">\n\t\t\t\t\t<div class=\"e-con-inner\">\n\t\t\t\t<div class=\"elementor-element elementor-element-4404d78 elementor-widget elementor-widget-text-editor\" data-id=\"4404d78\" data-element_type=\"widget\" data-widget_type=\"text-editor.default\">\n\t\t\t\t<div class=\"elementor-widget-container\">\n\t\t\t<style>\/*! elementor - v3.10.2 - 29-01-2023 *\/\n.elementor-widget-text-editor.elementor-drop-cap-view-stacked .elementor-drop-cap{background-color:#818a91;color:#fff}.elementor-widget-text-editor.elementor-drop-cap-view-framed .elementor-drop-cap{color:#818a91;border:3px solid;background-color:transparent}.elementor-widget-text-editor:not(.elementor-drop-cap-view-default) .elementor-drop-cap{margin-top:8px}.elementor-widget-text-editor:not(.elementor-drop-cap-view-default) .elementor-drop-cap-letter{width:1em;height:1em}.elementor-widget-text-editor .elementor-drop-cap{float:left;text-align:center;line-height:1;font-size:50px}.elementor-widget-text-editor .elementor-drop-cap-letter{display:inline-block}<\/style>\t\t\t\t<div class=\"x1tlxs6b x1g8br2z x1gn5b1j x230xth x14ctfv x1okitfd x6ikm8r x10wlt62 x1mzt3pk x1y1aw1k xn6708d xwib8y2 x1ye3gou x1n2onr6 x13faqbe x1vjfegm\" role=\"none\"><div class=\"x9f619 x1n2onr6 x1ja2u2z __fb-light-mode\" role=\"none\"><div class=\"x6prxxf x1fc57z9 x1yc453h x126k92a xzsf02u\" dir=\"auto\" role=\"none\">Mateusz Lisiewicz is a painter. Born in 1990 in Wolsztyn.  Since 2013, his canvas is human skin, on which he creates tattoos in a realistic style. In 2018 he started learning oil painting in Marcin Sarzy\u0144ski's studio in Warsaw, where he was learning painting techniques. His paintings are depicted by a mysterious atmosphere, the world presented is often irrational and surreal.  The artist's works are inspired by mythology and Old Masters.  Currently, Mateusz Lisiewicz creates his pieces of art at home studio in W\u0142oszakowice<\/div><\/div><\/div><div class=\"x1h91t0o xkh2ocl x78zum5 xdt5ytf x13a6bvl x193iq5w x1iyjqo2 xcrg951\" role=\"none\">\u00a0<\/div>\t\t\t\t\t\t<\/div>\n\t\t\t\t<\/div>\n\t\t\t\t\t<\/div>\n\t\t\t\t<\/div>\n\t\t\t\t\t<\/div>\n\t\t\t\t<\/div>\n\t\t\t\t\t\t\t<\/div>","protected":false},"excerpt":{"rendered":"<p>Mateusz Lisiewicz jest malarzem. Urodzi\u0142 si\u0119 w 1990 roku w Wolsztynie. Od 2013 roku jego p\u0142\u00f3tnem jest ludzka sk\u00f3ra, na kt\u00f3rej tworzy tatua\u017ce w stylu realistycznym. Nauk\u0119 malarstwa olejnego rozpocz\u0105\u0142 w pracowni Marcina Sarzy\u0144skiego w Warszawie w 2018 roku, gdzie uczy\u0142 si\u0119 techniki malarskiej. Jego obrazy charakteryzuj\u0105 si\u0119 tajemnicz\u0105 atmosfer\u0105, \u015bwiat w nich przedstawiony cz\u0119sto [&hellip;]<\/p>","protected":false},"author":1,"featured_media":0,"parent":0,"menu_order":0,"comment_status":"closed","ping_status":"closed","template":"","meta":{"footnotes":""},"class_list":["post-29","page","type-page","status-publish","hentry"],"_links":{"self":[{"href":"https:\/\/lisiewiczart.com\/en\/wp-json\/wp\/v2\/pages\/29","targetHints":{"allow":["GET"]}}],"collection":[{"href":"https:\/\/lisiewiczart.com\/en\/wp-json\/wp\/v2\/pages"}],"about":[{"href":"https:\/\/lisiewiczart.com\/en\/wp-json\/wp\/v2\/types\/page"}],"author":[{"embeddable":true,"href":"https:\/\/lisiewiczart.com\/en\/wp-json\/wp\/v2\/users\/1"}],"replies":[{"embeddable":true,"href":"https:\/\/lisiewiczart.com\/en\/wp-json\/wp\/v2\/comments?post=29"}],"version-history":[{"count":40,"href":"https:\/\/lisiewiczart.com\/en\/wp-json\/wp\/v2\/pages\/29\/revisions"}],"predecessor-version":[{"id":273,"href":"https:\/\/lisiewiczart.com\/en\/wp-json\/wp\/v2\/pages\/29\/revisions\/273"}],"wp:attachment":[{"href":"https:\/\/lisiewiczart.com\/en\/wp-json\/wp\/v2\/media?parent=29"}],"curies":[{"name":"wp","href":"https:\/\/api.w.org\/{rel}","templated":true}]}}